{"id":390,"date":"2020-09-28T22:06:03","date_gmt":"2020-09-28T22:06:03","guid":{"rendered":"http:\/\/feuerwehr-boennigheim.de\/cms\/?page_id=390"},"modified":"2023-12-15T13:52:09","modified_gmt":"2023-12-15T11:52:09","slug":"kontakt","status":"publish","type":"page","link":"https:\/\/feuerwehr-boennigheim.de\/cms\/kontakt\/","title":{"rendered":"Kontakt"},"content":{"rendered":"<p><strong>Im Notfall bitte die 112 w\u00e4hlen!<\/strong><\/p>\n<p><strong>Anschrift<\/strong><br \/>\nFeuerwehr B\u00f6nnigheim<br \/>\nKirchheimer Stra\u00dfe 100<br \/>\n74357 B\u00f6nnigheim<\/p>\n<p><strong>Telefon<\/strong><br \/>\n07143\/22111<\/p>\n<p><strong>Kommandant<\/strong><br \/>\nMike\u00a0Etzel<br \/>\n<a href=\"mailto:mike.etzel@feuerwehr-boennigheim.de\">mike.etzel@feuerwehr-boennigheim.de<\/a><\/p>\n<p><strong>Stellv. Kommandant<\/strong><br \/>\nFrank Sartorius<br \/>\n<a href=\"mailto:frank.sartorius@feuerwehr-boennigheim.de\">frank.sartorius@feuerwehr-boennigheim.de<\/a><\/p>\n<p><strong>Jugendfeuerwehr<\/strong><br \/>\nJannik Joos<br \/>\n<a href=\"jannik.joos@feuerwehr-boennigheim.de\">jannik.joos@feuerwehr-boennigheim.de<\/a><\/p>\n<p><strong>Altersabteilung<\/strong><br \/>\nKlaus Schweiher<\/p>\n","protected":false},"excerpt":{"rendered":"<p>Im Notfall bitte die 112 w\u00e4hlen! Anschrift Feuerwehr B\u00f6nnigheim Kirchheimer Stra\u00dfe 100 74357 B\u00f6nnigheim Telefon 07143\/22111 Kommandant Mike\u00a0Etzel mike.etzel@feuerwehr-boennigheim.de Stellv. Kommandant Frank Sartorius frank.sartorius@feuerwehr-boennigheim.de Jugendfeuerwehr Jannik Joos jannik.joos@feuerwehr-boennigheim.de Altersabteilung Klaus Schweiher<\/p>\n","protected":false},"author":2,"featured_media":0,"parent":0,"menu_order":0,"comment_status":"closed","ping_status":"closed","template":"","meta":{"_acf_changed":false,"footnotes":""},"class_list":["post-390","page","type-page","status-publish","hentry"],"acf":[],"_links":{"self":[{"href":"https:\/\/feuerwehr-boennigheim.de\/cms\/wp-json\/wp\/v2\/pages\/390","targetHints":{"allow":["GET"]}}],"collection":[{"href":"https:\/\/feuerwehr-boennigheim.de\/cms\/wp-json\/wp\/v2\/pages"}],"about":[{"href":"https:\/\/feuerwehr-boennigheim.de\/cms\/wp-json\/wp\/v2\/types\/page"}],"author":[{"embeddable":true,"href":"https:\/\/feuerwehr-boennigheim.de\/cms\/wp-json\/wp\/v2\/users\/2"}],"replies":[{"embeddable":true,"href":"https:\/\/feuerwehr-boennigheim.de\/cms\/wp-json\/wp\/v2\/comments?post=390"}],"version-history":[{"count":14,"href":"https:\/\/feuerwehr-boennigheim.de\/cms\/wp-json\/wp\/v2\/pages\/390\/revisions"}],"predecessor-version":[{"id":1640,"href":"https:\/\/feuerwehr-boennigheim.de\/cms\/wp-json\/wp\/v2\/pages\/390\/revisions\/1640"}],"wp:attachment":[{"href":"https:\/\/feuerwehr-boennigheim.de\/cms\/wp-json\/wp\/v2\/media?parent=390"}],"curies":[{"name":"wp","href":"https:\/\/api.w.org\/{rel}","templated":true}]}}